{"id":6128,"date":"2024-03-26T13:18:46","date_gmt":"2024-03-26T18:18:46","guid":{"rendered":"https:\/\/masonnatural.ec\/productos\/?post_type=product&#038;p=6128"},"modified":"2024-11-06T15:09:19","modified_gmt":"2024-11-06T20:09:19","slug":"vitatrum-complete-multivitamin","status":"publish","type":"product","link":"https:\/\/masonnatural.ec\/productos\/?product=vitatrum-complete-multivitamin","title":{"rendered":"Vitatrum Complete Multivitam\u00ednico"},"content":{"rendered":"<p>Vitatrum complete es una f\u00f3rmula multivitam\u00ednica m\u00e1s completa en el mercado, que contiene los siguientes beneficios:<\/p>\n<ul>\n<li>Refuerza las defensas del organismo.<\/li>\n<li>Combate la anemia.<\/li>\n<li>Favorece al buen desarrollo y funcionamiento de \u00f3rganos.<\/li>\n<li>Esencial para el crecimiento en adolescentes.<\/li>\n<li>Mantiene la buena salud y el funcionamiento de los \u00f3rganos en personas mayores.<\/li>\n<li>Adecuado para mantener los huesos fuertes y sanos.<\/li>\n<li>Proporciona vitalidad y energ\u00eda al organismo<\/li>\n<\/ul>\n","protected":false},"excerpt":{"rendered":"<p>F\u00f3rmula multivitam\u00ednica m\u00e1s completa en el mercado.<\/p>\n<ul>\n<li>Contiene 150 tabletas.<\/li>\n<\/ul>\n","protected":false},"featured_media":6059,"comment_status":"open","ping_status":"closed","template":"","meta":{"site-sidebar-layout":"default","site-content-layout":"","ast-site-content-layout":"default","site-content-style":"default","site-sidebar-style":"default","ast-global-header-display":"","ast-banner-title-visibility":"","ast-main-header-display":"","ast-hfb-above-header-display":"","ast-hfb-below-header-display":"","ast-hfb-mobile-header-display":"","site-post-title":"","ast-breadcrumbs-content":"","ast-featured-img":"","footer-sml-layout":"","ast-disable-related-posts":"","theme-transparent-header-meta":"default","adv-header-id-meta":"","stick-header-meta":"","header-above-stick-meta":"","header-main-stick-meta":"","header-below-stick-meta":"","astra-migrate-meta-layouts":"set","ast-page-background-enabled":"default","ast-page-background-meta":{"desktop":{"background-color":"var(--ast-global-color-4)","background-image":"","background-repeat":"repeat","background-position":"center center","background-size":"auto","background-attachment":"scroll","background-type":"","background-media":"","overlay-type":"","overlay-color":"","overlay-opacity":"","overlay-gradient":""},"tablet":{"background-color":"","background-image":"","background-repeat":"repeat","background-position":"center center","background-size":"auto","background-attachment":"scroll","background-type":"","background-media":"","overlay-type":"","overlay-color":"","overlay-opacity":"","overlay-gradient":""},"mobile":{"background-color":"","background-image":"","background-repeat":"repeat","background-position":"center center","background-size":"auto","background-attachment":"scroll","background-type":"","background-media":"","overlay-type":"","overlay-color":"","overlay-opacity":"","overlay-gradient":""}},"ast-content-background-meta":{"desktop":{"background-color":"var(--ast-global-color-5)","background-image":"","background-repeat":"repeat","background-position":"center center","background-size":"auto","background-attachment":"scroll","background-type":"","background-media":"","overlay-type":"","overlay-color":"","overlay-opacity":"","overlay-gradient":""},"tablet":{"background-color":"var(--ast-global-color-5)","background-image":"","background-repeat":"repeat","background-position":"center center","background-size":"auto","background-attachment":"scroll","background-type":"","background-media":"","overlay-type":"","overlay-color":"","overlay-opacity":"","overlay-gradient":""},"mobile":{"background-color":"var(--ast-global-color-5)","background-image":"","background-repeat":"repeat","background-position":"center center","background-size":"auto","background-attachment":"scroll","background-type":"","background-media":"","overlay-type":"","overlay-color":"","overlay-opacity":"","overlay-gradient":""}}},"product_brand":[],"product_cat":[304,305],"product_tag":[281],"class_list":{"0":"post-6128","1":"product","2":"type-product","3":"status-publish","4":"has-post-thumbnail","6":"product_cat-rendimiento-deportivo","7":"product_cat-todos-productos","8":"product_tag-vitatrum","9":"desktop-align-left","10":"tablet-align-left","11":"mobile-align-left","13":"first","14":"instock","15":"taxable","16":"shipping-taxable","17":"purchasable","18":"product-type-simple"},"aioseo_notices":[],"_links":{"self":[{"href":"https:\/\/masonnatural.ec\/productos\/index.php?rest_route=\/wp\/v2\/product\/6128","targetHints":{"allow":["GET"]}}],"collection":[{"href":"https:\/\/masonnatural.ec\/productos\/index.php?rest_route=\/wp\/v2\/product"}],"about":[{"href":"https:\/\/masonnatural.ec\/productos\/index.php?rest_route=\/wp\/v2\/types\/product"}],"replies":[{"embeddable":true,"href":"https:\/\/masonnatural.ec\/productos\/index.php?rest_route=%2Fwp%2Fv2%2Fcomments&post=6128"}],"version-history":[{"count":3,"href":"https:\/\/masonnatural.ec\/productos\/index.php?rest_route=\/wp\/v2\/product\/6128\/revisions"}],"predecessor-version":[{"id":7226,"href":"https:\/\/masonnatural.ec\/productos\/index.php?rest_route=\/wp\/v2\/product\/6128\/revisions\/7226"}],"wp:featuredmedia":[{"embeddable":true,"href":"https:\/\/masonnatural.ec\/productos\/index.php?rest_route=\/wp\/v2\/media\/6059"}],"wp:attachment":[{"href":"https:\/\/masonnatural.ec\/productos\/index.php?rest_route=%2Fwp%2Fv2%2Fmedia&parent=6128"}],"wp:term":[{"taxonomy":"product_brand","embeddable":true,"href":"https:\/\/masonnatural.ec\/productos\/index.php?rest_route=%2Fwp%2Fv2%2Fproduct_brand&post=6128"},{"taxonomy":"product_cat","embeddable":true,"href":"https:\/\/masonnatural.ec\/productos\/index.php?rest_route=%2Fwp%2Fv2%2Fproduct_cat&post=6128"},{"taxonomy":"product_tag","embeddable":true,"href":"https:\/\/masonnatural.ec\/productos\/index.php?rest_route=%2Fwp%2Fv2%2Fproduct_tag&post=6128"}],"curies":[{"name":"wp","href":"https:\/\/api.w.org\/{rel}","templated":true}]}}