{"id":6104,"date":"2024-03-26T09:54:23","date_gmt":"2024-03-26T14:54:23","guid":{"rendered":"https:\/\/masonnatural.ec\/productos\/?post_type=product&#038;p=6104"},"modified":"2024-11-06T15:27:24","modified_gmt":"2024-11-06T20:27:24","slug":"super-multiple","status":"publish","type":"product","link":"https:\/\/masonnatural.ec\/productos\/?product=super-multiple","title":{"rendered":"Super m\u00faltiple"},"content":{"rendered":"<p>Super m\u00faltiple es un multivitam\u00ednico que nos ayuda a:<\/p>\n<ul>\n<li>Proporcionar mayor vitalidad.<\/li>\n<li>Promuever el metabolismo energ\u00e9tico.<\/li>\n<li>Reforzar las defensas del organismo.<\/li>\n<li>Fortalecer el sistema inmunol\u00f3gico.<\/li>\n<li>Combatir la anemia.<\/li>\n<li>Mejorar el rendimiento deportivo.<\/li>\n<li>Reducir la fatiga y la debilidad.<\/li>\n<li>Tonificar la piel.<\/li>\n<li>Favorecer el crecimiento de adolescentes.<\/li>\n<\/ul>\n","protected":false},"excerpt":{"rendered":"<p>Proporciona mayor vitalidad y promueve el metabolismo energ\u00e9tico.<\/p>\n<ul>\n<li>Contiene 100 c\u00e1psulas.<\/li>\n<\/ul>\n","protected":false},"featured_media":7193,"comment_status":"open","ping_status":"closed","template":"","meta":{"site-sidebar-layout":"default","site-content-layout":"","ast-site-content-layout":"default","site-content-style":"default","site-sidebar-style":"default","ast-global-header-display":"","ast-banner-title-visibility":"","ast-main-header-display":"","ast-hfb-above-header-display":"","ast-hfb-below-header-display":"","ast-hfb-mobile-header-display":"","site-post-title":"","ast-breadcrumbs-content":"","ast-featured-img":"","footer-sml-layout":"","ast-disable-related-posts":"","theme-transparent-header-meta":"default","adv-header-id-meta":"","stick-header-meta":"","header-above-stick-meta":"","header-main-stick-meta":"","header-below-stick-meta":"","astra-migrate-meta-layouts":"set","ast-page-background-enabled":"default","ast-page-background-meta":{"desktop":{"background-color":"var(--ast-global-color-4)","background-image":"","background-repeat":"repeat","background-position":"center center","background-size":"auto","background-attachment":"scroll","background-type":"","background-media":"","overlay-type":"","overlay-color":"","overlay-opacity":"","overlay-gradient":""},"tablet":{"background-color":"","background-image":"","background-repeat":"repeat","background-position":"center center","background-size":"auto","background-attachment":"scroll","background-type":"","background-media":"","overlay-type":"","overlay-color":"","overlay-opacity":"","overlay-gradient":""},"mobile":{"background-color":"","background-image":"","background-repeat":"repeat","background-position":"center center","background-size":"auto","background-attachment":"scroll","background-type":"","background-media":"","overlay-type":"","overlay-color":"","overlay-opacity":"","overlay-gradient":""}},"ast-content-background-meta":{"desktop":{"background-color":"var(--ast-global-color-5)","background-image":"","background-repeat":"repeat","background-position":"center center","background-size":"auto","background-attachment":"scroll","background-type":"","background-media":"","overlay-type":"","overlay-color":"","overlay-opacity":"","overlay-gradient":""},"tablet":{"background-color":"var(--ast-global-color-5)","background-image":"","background-repeat":"repeat","background-position":"center center","background-size":"auto","background-attachment":"scroll","background-type":"","background-media":"","overlay-type":"","overlay-color":"","overlay-opacity":"","overlay-gradient":""},"mobile":{"background-color":"var(--ast-global-color-5)","background-image":"","background-repeat":"repeat","background-position":"center center","background-size":"auto","background-attachment":"scroll","background-type":"","background-media":"","overlay-type":"","overlay-color":"","overlay-opacity":"","overlay-gradient":""}}},"product_brand":[],"product_cat":[301,305],"product_tag":[270],"class_list":{"0":"post-6104","1":"product","2":"type-product","3":"status-publish","4":"has-post-thumbnail","6":"product_cat-energia","7":"product_cat-todos-productos","8":"product_tag-multivi","9":"desktop-align-left","10":"tablet-align-left","11":"mobile-align-left","13":"first","14":"instock","15":"taxable","16":"shipping-taxable","17":"purchasable","18":"product-type-simple"},"aioseo_notices":[],"_links":{"self":[{"href":"https:\/\/masonnatural.ec\/productos\/index.php?rest_route=\/wp\/v2\/product\/6104","targetHints":{"allow":["GET"]}}],"collection":[{"href":"https:\/\/masonnatural.ec\/productos\/index.php?rest_route=\/wp\/v2\/product"}],"about":[{"href":"https:\/\/masonnatural.ec\/productos\/index.php?rest_route=\/wp\/v2\/types\/product"}],"replies":[{"embeddable":true,"href":"https:\/\/masonnatural.ec\/productos\/index.php?rest_route=%2Fwp%2Fv2%2Fcomments&post=6104"}],"version-history":[{"count":3,"href":"https:\/\/masonnatural.ec\/productos\/index.php?rest_route=\/wp\/v2\/product\/6104\/revisions"}],"predecessor-version":[{"id":7196,"href":"https:\/\/masonnatural.ec\/productos\/index.php?rest_route=\/wp\/v2\/product\/6104\/revisions\/7196"}],"wp:featuredmedia":[{"embeddable":true,"href":"https:\/\/masonnatural.ec\/productos\/index.php?rest_route=\/wp\/v2\/media\/7193"}],"wp:attachment":[{"href":"https:\/\/masonnatural.ec\/productos\/index.php?rest_route=%2Fwp%2Fv2%2Fmedia&parent=6104"}],"wp:term":[{"taxonomy":"product_brand","embeddable":true,"href":"https:\/\/masonnatural.ec\/productos\/index.php?rest_route=%2Fwp%2Fv2%2Fproduct_brand&post=6104"},{"taxonomy":"product_cat","embeddable":true,"href":"https:\/\/masonnatural.ec\/productos\/index.php?rest_route=%2Fwp%2Fv2%2Fproduct_cat&post=6104"},{"taxonomy":"product_tag","embeddable":true,"href":"https:\/\/masonnatural.ec\/productos\/index.php?rest_route=%2Fwp%2Fv2%2Fproduct_tag&post=6104"}],"curies":[{"name":"wp","href":"https:\/\/api.w.org\/{rel}","templated":true}]}}