{"id":5677,"date":"2021-08-06T18:22:53","date_gmt":"2021-08-06T23:22:53","guid":{"rendered":"https:\/\/masonnatural.ec\/productos\/?post_type=product&#038;p=5677"},"modified":"2024-11-19T15:28:23","modified_gmt":"2024-11-19T20:28:23","slug":"vitamina-d3-2000iu","status":"publish","type":"product","link":"https:\/\/masonnatural.ec\/productos\/?product=vitamina-d3-2000iu","title":{"rendered":"Vitamina D3 2000IU"},"content":{"rendered":"<p>La vitamina D3 ayuda a mantener en grados normales los niveles de calcio y f\u00f3sforo en la sangre. El Calcio soluble (en forma ionizada) juega un papel importante en diferentes procesos metab\u00f3licos, es necesario para la contracci\u00f3n muscular, la secreci\u00f3n de hormonas y enzimas, y el env\u00edo de mensajes a trav\u00e9s del sistema nervioso. La vitamina D ayuda en la absorci\u00f3n del calcio, lo que contribuye a formar y mantener huesos fuertes.<\/p>\n","protected":false},"excerpt":{"rendered":"<p>Mantiene los niveles normales de calcio y f\u00f3sforo en la sangre.<\/p>\n<ul>\n<li>Contiene 60 c\u00e1psulas softgel.<\/li>\n<\/ul>\n","protected":false},"featured_media":7213,"comment_status":"open","ping_status":"closed","template":"","meta":{"site-sidebar-layout":"default","site-content-layout":"","ast-site-content-layout":"default","site-content-style":"default","site-sidebar-style":"default","ast-global-header-display":"","ast-banner-title-visibility":"","ast-main-header-display":"","ast-hfb-above-header-display":"","ast-hfb-below-header-display":"","ast-hfb-mobile-header-display":"","site-post-title":"","ast-breadcrumbs-content":"","ast-featured-img":"","footer-sml-layout":"","ast-disable-related-posts":"","theme-transparent-header-meta":"default","adv-header-id-meta":"","stick-header-meta":"","header-above-stick-meta":"","header-main-stick-meta":"","header-below-stick-meta":"","astra-migrate-meta-layouts":"set","ast-page-background-enabled":"default","ast-page-background-meta":{"desktop":{"background-color":"var(--ast-global-color-4)","background-image":"","background-repeat":"repeat","background-position":"center center","background-size":"auto","background-attachment":"scroll","background-type":"","background-media":"","overlay-type":"","overlay-color":"","overlay-opacity":"","overlay-gradient":""},"tablet":{"background-color":"","background-image":"","background-repeat":"repeat","background-position":"center center","background-size":"auto","background-attachment":"scroll","background-type":"","background-media":"","overlay-type":"","overlay-color":"","overlay-opacity":"","overlay-gradient":""},"mobile":{"background-color":"","background-image":"","background-repeat":"repeat","background-position":"center center","background-size":"auto","background-attachment":"scroll","background-type":"","background-media":"","overlay-type":"","overlay-color":"","overlay-opacity":"","overlay-gradient":""}},"ast-content-background-meta":{"desktop":{"background-color":"var(--ast-global-color-5)","background-image":"","background-repeat":"repeat","background-position":"center center","background-size":"auto","background-attachment":"scroll","background-type":"","background-media":"","overlay-type":"","overlay-color":"","overlay-opacity":"","overlay-gradient":""},"tablet":{"background-color":"var(--ast-global-color-5)","background-image":"","background-repeat":"repeat","background-position":"center center","background-size":"auto","background-attachment":"scroll","background-type":"","background-media":"","overlay-type":"","overlay-color":"","overlay-opacity":"","overlay-gradient":""},"mobile":{"background-color":"var(--ast-global-color-5)","background-image":"","background-repeat":"repeat","background-position":"center center","background-size":"auto","background-attachment":"scroll","background-type":"","background-media":"","overlay-type":"","overlay-color":"","overlay-opacity":"","overlay-gradient":""}}},"product_brand":[],"product_cat":[287,305],"product_tag":[278],"class_list":{"0":"post-5677","1":"product","2":"type-product","3":"status-publish","4":"has-post-thumbnail","6":"product_cat-huesos-y-articulaciones","7":"product_cat-todos-productos","8":"product_tag-vitamina-d3","9":"desktop-align-left","10":"tablet-align-left","11":"mobile-align-left","13":"first","14":"instock","15":"taxable","16":"shipping-taxable","17":"purchasable","18":"product-type-simple"},"aioseo_notices":[],"_links":{"self":[{"href":"https:\/\/masonnatural.ec\/productos\/index.php?rest_route=\/wp\/v2\/product\/5677","targetHints":{"allow":["GET"]}}],"collection":[{"href":"https:\/\/masonnatural.ec\/productos\/index.php?rest_route=\/wp\/v2\/product"}],"about":[{"href":"https:\/\/masonnatural.ec\/productos\/index.php?rest_route=\/wp\/v2\/types\/product"}],"replies":[{"embeddable":true,"href":"https:\/\/masonnatural.ec\/productos\/index.php?rest_route=%2Fwp%2Fv2%2Fcomments&post=5677"}],"version-history":[{"count":3,"href":"https:\/\/masonnatural.ec\/productos\/index.php?rest_route=\/wp\/v2\/product\/5677\/revisions"}],"predecessor-version":[{"id":7505,"href":"https:\/\/masonnatural.ec\/productos\/index.php?rest_route=\/wp\/v2\/product\/5677\/revisions\/7505"}],"wp:featuredmedia":[{"embeddable":true,"href":"https:\/\/masonnatural.ec\/productos\/index.php?rest_route=\/wp\/v2\/media\/7213"}],"wp:attachment":[{"href":"https:\/\/masonnatural.ec\/productos\/index.php?rest_route=%2Fwp%2Fv2%2Fmedia&parent=5677"}],"wp:term":[{"taxonomy":"product_brand","embeddable":true,"href":"https:\/\/masonnatural.ec\/productos\/index.php?rest_route=%2Fwp%2Fv2%2Fproduct_brand&post=5677"},{"taxonomy":"product_cat","embeddable":true,"href":"https:\/\/masonnatural.ec\/productos\/index.php?rest_route=%2Fwp%2Fv2%2Fproduct_cat&post=5677"},{"taxonomy":"product_tag","embeddable":true,"href":"https:\/\/masonnatural.ec\/productos\/index.php?rest_route=%2Fwp%2Fv2%2Fproduct_tag&post=5677"}],"curies":[{"name":"wp","href":"https:\/\/api.w.org\/{rel}","templated":true}]}}