{"id":7580,"date":"2024-11-25T10:42:44","date_gmt":"2024-11-25T15:42:44","guid":{"rendered":"https:\/\/masonnatural.ec\/productos\/?page_id=7580"},"modified":"2024-11-25T10:45:05","modified_gmt":"2024-11-25T15:45:05","slug":"politicas-de-privacidad","status":"publish","type":"page","link":"https:\/\/masonnatural.ec\/productos\/?page_id=7580","title":{"rendered":"Pol\u00edticas de privacidad"},"content":{"rendered":"\t\t<div data-elementor-type=\"wp-page\" data-elementor-id=\"7580\" class=\"elementor elementor-7580\" data-elementor-post-type=\"page\">\n\t\t\t\t\t\t<section class=\"elementor-section elementor-top-section elementor-element elementor-element-f09b2ec elementor-section-full_width elementor-section-height-default elementor-section-height-default\" data-id=\"f09b2ec\" data-element_type=\"section\" data-settings=\"{&quot;background_background&quot;:&quot;classic&quot;}\">\n\t\t\t\t\t\t<div class=\"elementor-container elementor-column-gap-default\">\n\t\t\t\t\t<div class=\"elementor-column elementor-col-100 elementor-top-column elementor-element elementor-element-331809c\" data-id=\"331809c\" data-element_type=\"column\">\n\t\t\t<div class=\"elementor-widget-wrap elementor-element-populated\">\n\t\t\t\t\t\t<div class=\"elementor-element elementor-element-d6da7d9 elementor-widget elementor-widget-spacer\" data-id=\"d6da7d9\" data-element_type=\"widget\" data-widget_type=\"spacer.default\">\n\t\t\t\t<div class=\"elementor-widget-container\">\n\t\t\t\t\t\t\t<div class=\"elementor-spacer\">\n\t\t\t<div class=\"elementor-spacer-inner\"><\/div>\n\t\t<\/div>\n\t\t\t\t\t\t<\/div>\n\t\t\t\t<\/div>\n\t\t\t\t<div class=\"elementor-element elementor-element-6e8fd70 elementor-widget elementor-widget-heading\" data-id=\"6e8fd70\" data-element_type=\"widget\" data-widget_type=\"heading.default\">\n\t\t\t\t<div class=\"elementor-widget-container\">\n\t\t\t\t\t<h2 class=\"elementor-heading-title elementor-size-default\">POL\u00cdTICAS DE PRIVACIDAD<\/h2>\t\t\t\t<\/div>\n\t\t\t\t<\/div>\n\t\t\t\t\t<\/div>\n\t\t<\/div>\n\t\t\t\t\t<\/div>\n\t\t<\/section>\n\t\t\t\t<section class=\"elementor-section elementor-top-section elementor-element elementor-element-ac237ce elementor-section-full_width elementor-section-height-default elementor-section-height-default\" data-id=\"ac237ce\" data-element_type=\"section\">\n\t\t\t\t\t\t<div class=\"elementor-container elementor-column-gap-default\">\n\t\t\t\t\t<div class=\"elementor-column elementor-col-100 elementor-top-column elementor-element elementor-element-315e3ca\" data-id=\"315e3ca\" data-element_type=\"column\">\n\t\t\t<div class=\"elementor-widget-wrap elementor-element-populated\">\n\t\t\t\t\t\t<div class=\"elementor-element elementor-element-dd2db38 elementor-widget elementor-widget-heading\" data-id=\"dd2db38\" data-element_type=\"widget\" data-widget_type=\"heading.default\">\n\t\t\t\t<div class=\"elementor-widget-container\">\n\t\t\t\t\t<h2 class=\"elementor-heading-title elementor-size-default\">POL\u00cdTICAS DE PRIVACIDAD<\/h2>\t\t\t\t<\/div>\n\t\t\t\t<\/div>\n\t\t\t\t<div class=\"elementor-element elementor-element-fe6e9b7 elementor-widget elementor-widget-text-editor\" data-id=\"fe6e9b7\" data-element_type=\"widget\" data-widget_type=\"text-editor.default\">\n\t\t\t\t<div class=\"elementor-widget-container\">\n\t\t\t\t\t\t\t\t\t<p>Este contenido indica c\u00f3mo ser\u00e1n utilizados y protegidos los datos del cliente por Mason Natural Ecuador. Cuando el cliente registre datos en este sitio web, estar\u00e1 aceptando autom\u00e1ticamente las reglas de uso, protecci\u00f3n y seguridad que aqu\u00ed se mencionan.<\/p>\t\t\t\t\t\t\t\t<\/div>\n\t\t\t\t<\/div>\n\t\t\t\t<div class=\"elementor-element elementor-element-f3bd9a5 elementor-widget elementor-widget-heading\" data-id=\"f3bd9a5\" data-element_type=\"widget\" data-widget_type=\"heading.default\">\n\t\t\t\t<div class=\"elementor-widget-container\">\n\t\t\t\t\t<h2 class=\"elementor-heading-title elementor-size-default\">SEGURIDAD Y PROTECCI\u00d3N DE DATOS PERSONALES<\/h2>\t\t\t\t<\/div>\n\t\t\t\t<\/div>\n\t\t\t\t<div class=\"elementor-element elementor-element-37b64cf elementor-widget elementor-widget-text-editor\" data-id=\"37b64cf\" data-element_type=\"widget\" data-widget_type=\"text-editor.default\">\n\t\t\t\t<div class=\"elementor-widget-container\">\n\t\t\t\t\t\t\t\t\t<p>La seguridad de los datos personales del cliente es una prioridad para Mason Natural Ecuador por eso nuestro sitio web ofrece el m\u00e1s alto nivel de seguridad.<br \/>En la pr\u00e1ctica, el cliente puede reconocer que la transacci\u00f3n que est\u00e1 realizando est\u00e1 protegida por un servidor seguro cuando en su navegador aparece una llave o un candado cerrado en la parte izquierda o bien, un candado cerrado en la parte derecha.<\/p>\t\t\t\t\t\t\t\t<\/div>\n\t\t\t\t<\/div>\n\t\t\t\t<div class=\"elementor-element elementor-element-e7be9df elementor-widget elementor-widget-heading\" data-id=\"e7be9df\" data-element_type=\"widget\" data-widget_type=\"heading.default\">\n\t\t\t\t<div class=\"elementor-widget-container\">\n\t\t\t\t\t<h2 class=\"elementor-heading-title elementor-size-default\">SU PRIVACIDAD<\/h2>\t\t\t\t<\/div>\n\t\t\t\t<\/div>\n\t\t\t\t<div class=\"elementor-element elementor-element-c7282da elementor-widget elementor-widget-text-editor\" data-id=\"c7282da\" data-element_type=\"widget\" data-widget_type=\"text-editor.default\">\n\t\t\t\t<div class=\"elementor-widget-container\">\n\t\t\t\t\t\t\t\t\t<p>Mason Natural Ecuador respeta su privacidad. Toda informaci\u00f3n que nos sea proporcionada ser\u00e1 tratada con cuidado manteniendo su integridad, y solo ser\u00e1 utilizada por Mason Natural Ecuador.<\/p>\t\t\t\t\t\t\t\t<\/div>\n\t\t\t\t<\/div>\n\t\t\t\t<div class=\"elementor-element elementor-element-a197eb6 elementor-widget elementor-widget-heading\" data-id=\"a197eb6\" data-element_type=\"widget\" data-widget_type=\"heading.default\">\n\t\t\t\t<div class=\"elementor-widget-container\">\n\t\t\t\t\t<h2 class=\"elementor-heading-title elementor-size-default\">REGISTRO DEL USUARIO O CLIENTE<\/h2>\t\t\t\t<\/div>\n\t\t\t\t<\/div>\n\t\t\t\t<div class=\"elementor-element elementor-element-d77201a elementor-widget elementor-widget-text-editor\" data-id=\"d77201a\" data-element_type=\"widget\" data-widget_type=\"text-editor.default\">\n\t\t\t\t<div class=\"elementor-widget-container\">\n\t\t\t\t\t\t\t\t\t<p>Para poder realizar diferentes transacciones y adquirir productos en nuestra tienda virtual es necesario primero registrarte en el sitio web ingresando su correo electr\u00f3nico. Adem\u00e1s, es necesario aceptar estas pol\u00edticas de privacidad y los t\u00e9rminos y condiciones del sitio web.<\/p>\t\t\t\t\t\t\t\t<\/div>\n\t\t\t\t<\/div>\n\t\t\t\t<div class=\"elementor-element elementor-element-53cda5f elementor-widget elementor-widget-heading\" data-id=\"53cda5f\" data-element_type=\"widget\" data-widget_type=\"heading.default\">\n\t\t\t\t<div class=\"elementor-widget-container\">\n\t\t\t\t\t<h2 class=\"elementor-heading-title elementor-size-default\">COMPROMISO CON LA SEGURIDAD<\/h2>\t\t\t\t<\/div>\n\t\t\t\t<\/div>\n\t\t\t\t<div class=\"elementor-element elementor-element-96c6e42 elementor-widget elementor-widget-text-editor\" data-id=\"96c6e42\" data-element_type=\"widget\" data-widget_type=\"text-editor.default\">\n\t\t\t\t<div class=\"elementor-widget-container\">\n\t\t\t\t\t\t\t\t\t<p>Mason Natural Ecuador declara que su sitio es seguro y entrega a los clientes un servicio de alto nivel, con los controles internos apropiados que garantizan un correcto uso de la informaci\u00f3n.<\/p>\t\t\t\t\t\t\t\t<\/div>\n\t\t\t\t<\/div>\n\t\t\t\t<div class=\"elementor-element elementor-element-8887dd7 elementor-widget elementor-widget-heading\" data-id=\"8887dd7\" data-element_type=\"widget\" data-widget_type=\"heading.default\">\n\t\t\t\t<div class=\"elementor-widget-container\">\n\t\t\t\t\t<h2 class=\"elementor-heading-title elementor-size-default\">\u00bfC\u00d3MO UTILIZAMOS LA INFORMACI\u00d3N DEL CLIENTE?<\/h2>\t\t\t\t<\/div>\n\t\t\t\t<\/div>\n\t\t\t\t<div class=\"elementor-element elementor-element-28de611 elementor-widget elementor-widget-text-editor\" data-id=\"28de611\" data-element_type=\"widget\" data-widget_type=\"text-editor.default\">\n\t\t\t\t<div class=\"elementor-widget-container\">\n\t\t\t\t\t\t\t\t\t<p>Mason Natural Ecuador utilizar\u00e1 la informaci\u00f3n del cliente para:<\/p><ol><li>El prop\u00f3sito espec\u00edfico para el cual se la suministr\u00f3 (transacciones de ventas por Internet).<\/li><li>Conocer gustos, preferencias y caracter\u00edsticas de nuestro mercado.<\/li><li>Cuando el cliente registre sus datos personales, estar\u00e1 autom\u00e1ticamente autorizando a Mason Natural Ecuador a usar tus datos personales de conformidad con esta Pol\u00edtica de Privacidad.<\/li><li>Los usuarios registrados recibir\u00e1n por correo electr\u00f3nico todas las promociones y ofertas y transacciones realizadas en Mason Natural Ecuador.<\/li><\/ol>\t\t\t\t\t\t\t\t<\/div>\n\t\t\t\t<\/div>\n\t\t\t\t<div class=\"elementor-element elementor-element-8cf5f12 elementor-widget elementor-widget-heading\" data-id=\"8cf5f12\" data-element_type=\"widget\" data-widget_type=\"heading.default\">\n\t\t\t\t<div class=\"elementor-widget-container\">\n\t\t\t\t\t<h2 class=\"elementor-heading-title elementor-size-default\">RECOMENDACIONES GENERALES SOBRE LA PROTECCI\u00d3N DE SU SEGURIDAD<\/h2>\t\t\t\t<\/div>\n\t\t\t\t<\/div>\n\t\t\t\t<div class=\"elementor-element elementor-element-b12277f elementor-widget elementor-widget-text-editor\" data-id=\"b12277f\" data-element_type=\"widget\" data-widget_type=\"text-editor.default\">\n\t\t\t\t<div class=\"elementor-widget-container\">\n\t\t\t\t\t\t\t\t\t<p>Al momento de abandonar nuestro sitio web, termina tu sesi\u00f3n de cliente registrado y cierre la ventana del navegador, de modo que terceras personas no puedan tener acceso a tus datos personales, especialmente cuando utilice computadores p\u00fablicos o \u00e9stos sean compartidos. Mason Natural Ecuador no ser\u00e1 responsable si se hace caso omiso de estas recomendaciones, ni por cualquier da\u00f1o causado por tal negligencia.<\/p><p>Los datos para el registro y compra en l\u00ednea, tendr\u00e1n como finalidad validar las \u00f3rdenes de compra y mejorar la labor de informaci\u00f3n y comercializaci\u00f3n de los productos y servicios prestados por Mason Natural Ecuador.<br \/>Esta informaci\u00f3n es de car\u00e1cter confidencial y su manejo se rige por la Pol\u00edtica de Privacidad.<\/p>\t\t\t\t\t\t\t\t<\/div>\n\t\t\t\t<\/div>\n\t\t\t\t\t<\/div>\n\t\t<\/div>\n\t\t\t\t\t<\/div>\n\t\t<\/section>\n\t\t\t\t<\/div>\n\t\t","protected":false},"excerpt":{"rendered":"<p>POL\u00cdTICAS DE PRIVACIDAD POL\u00cdTICAS DE PRIVACIDAD Este contenido indica c\u00f3mo ser\u00e1n utilizados y protegidos los datos del cliente por Mason [&hellip;]<\/p>\n","protected":false},"author":5,"featured_media":0,"parent":0,"menu_order":0,"comment_status":"closed","ping_status":"closed","template":"elementor_header_footer","meta":{"site-sidebar-layout":"default","site-content-layout":"","ast-site-content-layout":"default","site-content-style":"default","site-sidebar-style":"default","ast-global-header-display":"","ast-banner-title-visibility":"","ast-main-header-display":"","ast-hfb-above-header-display":"","ast-hfb-below-header-display":"","ast-hfb-mobile-header-display":"","site-post-title":"","ast-breadcrumbs-content":"","ast-featured-img":"","footer-sml-layout":"","ast-disable-related-posts":"","theme-transparent-header-meta":"","adv-header-id-meta":"","stick-header-meta":"","header-above-stick-meta":"","header-main-stick-meta":"","header-below-stick-meta":"","astra-migrate-meta-layouts":"default","ast-page-background-enabled":"default","ast-page-background-meta":{"desktop":{"background-color":"var(--ast-global-color-4)","background-image":"","background-repeat":"repeat","background-position":"center center","background-size":"auto","background-attachment":"scroll","background-type":"","background-media":"","overlay-type":"","overlay-color":"","overlay-opacity":"","overlay-gradient":""},"tablet":{"background-color":"","background-image":"","background-repeat":"repeat","background-position":"center center","background-size":"auto","background-attachment":"scroll","background-type":"","background-media":"","overlay-type":"","overlay-color":"","overlay-opacity":"","overlay-gradient":""},"mobile":{"background-color":"","background-image":"","background-repeat":"repeat","background-position":"center center","background-size":"auto","background-attachment":"scroll","background-type":"","background-media":"","overlay-type":"","overlay-color":"","overlay-opacity":"","overlay-gradient":""}},"ast-content-background-meta":{"desktop":{"background-color":"var(--ast-global-color-5)","background-image":"","background-repeat":"repeat","background-position":"center center","background-size":"auto","background-attachment":"scroll","background-type":"","background-media":"","overlay-type":"","overlay-color":"","overlay-opacity":"","overlay-gradient":""},"tablet":{"background-color":"var(--ast-global-color-5)","background-image":"","background-repeat":"repeat","background-position":"center center","background-size":"auto","background-attachment":"scroll","background-type":"","background-media":"","overlay-type":"","overlay-color":"","overlay-opacity":"","overlay-gradient":""},"mobile":{"background-color":"var(--ast-global-color-5)","background-image":"","background-repeat":"repeat","background-position":"center center","background-size":"auto","background-attachment":"scroll","background-type":"","background-media":"","overlay-type":"","overlay-color":"","overlay-opacity":"","overlay-gradient":""}},"footnotes":""},"class_list":["post-7580","page","type-page","status-publish","hentry"],"aioseo_notices":[],"_links":{"self":[{"href":"https:\/\/masonnatural.ec\/productos\/index.php?rest_route=\/wp\/v2\/pages\/7580","targetHints":{"allow":["GET"]}}],"collection":[{"href":"https:\/\/masonnatural.ec\/productos\/index.php?rest_route=\/wp\/v2\/pages"}],"about":[{"href":"https:\/\/masonnatural.ec\/productos\/index.php?rest_route=\/wp\/v2\/types\/page"}],"author":[{"embeddable":true,"href":"https:\/\/masonnatural.ec\/productos\/index.php?rest_route=\/wp\/v2\/users\/5"}],"replies":[{"embeddable":true,"href":"https:\/\/masonnatural.ec\/productos\/index.php?rest_route=%2Fwp%2Fv2%2Fcomments&post=7580"}],"version-history":[{"count":4,"href":"https:\/\/masonnatural.ec\/productos\/index.php?rest_route=\/wp\/v2\/pages\/7580\/revisions"}],"predecessor-version":[{"id":7585,"href":"https:\/\/masonnatural.ec\/productos\/index.php?rest_route=\/wp\/v2\/pages\/7580\/revisions\/7585"}],"wp:attachment":[{"href":"https:\/\/masonnatural.ec\/productos\/index.php?rest_route=%2Fwp%2Fv2%2Fmedia&parent=7580"}],"curies":[{"name":"wp","href":"https:\/\/api.w.org\/{rel}","templated":true}]}}